{"id":1410,"date":"2025-09-09T16:19:22","date_gmt":"2025-09-09T14:19:22","guid":{"rendered":"https:\/\/www.stemzasve.eu\/?page_id=1410"},"modified":"2025-09-09T16:19:22","modified_gmt":"2025-09-09T14:19:22","slug":"politika-privatnosti","status":"publish","type":"page","link":"https:\/\/www.stemzasve.eu\/index.php\/politika-privatnosti\/","title":{"rendered":"Politika privatnosti"},"content":{"rendered":"<p><span style=\"font-weight: 400;\"><strong>Udruga Institut za STEM edukaciju i afterschool programe<\/strong>, Slavoljuba Bulvana 9, 10000 Zagreb, OIB: 76262593640 (dalje u tekstu: Voditelj obrade podataka),\u00a0<\/span><\/p>\n<p><span style=\"font-weight: 400;\">prikuplja i obra\u0111uje osobne podatke zakonito, po\u0161teno i transparentno sukladno va\u017ee\u0107im propisima te poduzimaju\u0107i primjerene tehni\u010dke i organizacijske mjere usmjerene ka za\u0161titi osobnih podataka od neovla\u0161tenog pristupa i zlouporabe.<\/span><\/p>\n<p><span style=\"font-weight: 400;\">Ova Politika privatnosti Institut za STEM edukaciju i afterschool programe, Slavoljuba Bulvana 9, 10000 Zagreb, OIB: 76262593640 (dalje u tekstu: Voditelj obrade podataka), primjenjuje se od 08.09.2025.<\/span><\/p>\n<p><span style=\"font-weight: 400;\">Za obradu osobnih podataka odgovoran je voditelj obrade:<br \/>\n<\/span><span style=\"font-weight: 400;\">Udruga Institut za STEM edukaciju i afterschool programe, Slavoljuba Bulvana 9, 10000 Zagreb, OIB: 76262593640<\/span><\/p>\n<p><span style=\"font-weight: 400;\">Podaci prikupljeni u posebne, izri\u010dite i zakonite svrhe prikupljat \u0107e se isklju\u010divo u nu\u017enom <\/span><span style=\"font-weight: 400;\">opsegu te obra\u0111ivati na na\u010din koji je u skladu s tim svrhama. 0<\/span><span style=\"font-weight: 400;\">Voditelj obrade podataka \u0107e nastojati prikupljati to\u010dne podatke koje \u0107e po potrebi ili zahtjevu <\/span><span style=\"font-weight: 400;\">ispitanika ispravljati, brisati ili a\u017eurirati.<\/span><\/p>\n<p><span style=\"font-weight: 400;\">Prikupljeni podaci \u010duvat \u0107e se onoliko dugo koliko je potrebno s obzirom na svrhu zbog koje su prikupljeni odnosno na rok u skladu sa va\u017ee\u0107im propisima.<\/span><\/p>\n<p><span style=\"font-weight: 400;\">Dru\u0161tvo \u0107e prikupljati i obra\u0111ivati osobne podatke samo u slu\u010dajevima kada je to propisima <\/span><span style=\"font-weight: 400;\">dozvoljeno:<\/span><\/p>\n<ul>\n<li style=\"font-weight: 400;\" aria-level=\"1\"><span style=\"font-weight: 400;\">obrada je nu\u017ena radi po\u0161tovanja pravnih obveza<\/span><\/li>\n<li style=\"font-weight: 400;\" aria-level=\"1\"><span style=\"font-weight: 400;\">kada je ispitanik dao privolu za obradu svojih osobnih podataka<\/span><\/li>\n<li style=\"font-weight: 400;\" aria-level=\"1\"><span style=\"font-weight: 400;\">obrada je nu\u017ena za izvr\u0161avanje ugovora u kojem je ispitanik stranka ili kako bi se poduzele radnje na zahtjev ispitanika prije sklapanja ugovora<\/span><\/li>\n<li style=\"font-weight: 400;\" aria-level=\"1\"><span style=\"font-weight: 400;\">obrada je nu\u017ena kako bi se za\u0161titili klju\u010dni interesi ispitanika ili druge fizi\u010dke osobe<\/span><\/li>\n<li style=\"font-weight: 400;\" aria-level=\"1\"><span style=\"font-weight: 400;\">obrada je nu\u017ena za potrebe legitimnih interesa Voditelja obrade podataka<\/span><\/li>\n<\/ul>\n<h3><span style=\"font-weight: 400;\"><br \/>\nPrikupljanje i kori\u0161tenje osobnih podataka<\/span><\/h3>\n<p><span style=\"font-weight: 400;\">Osobni podaci su informacije koje vas identificiraju direktno ili posredno, poput va\u0161eg imena, <\/span><span style=\"font-weight: 400;\">e-maila, broja telefona, IP adrese ili po\u0161tanske adrese.<\/span><\/p>\n<p><span style=\"font-weight: 400;\">Voditelj obrade podataka ne prikuplja va\u0161e osobne podatke ukoliko Vi izri\u010dito ne predate takve podatke (npr. prilikom prijave na elektroni\u010dki newsletter, slanjem upita putem kontakt forme i sli\u010dno). Va\u0161e osobne podatke pohranjujemo, koristimo, ili prenosimo u opsegu \u2013 sadr\u017eajnom i vremenskom \u2013 koji je potreban u odre\u0111enom slu\u010daju, npr. kako bismo Vas informirali o programima, novostima ili rezultatima natje\u010daja ili nagradne igre.<\/span><\/p>\n<p><span style=\"font-weight: 400;\">Voditelj obrade podataka jam\u010di kako ne\u0107e prodavati ili posu\u0111ivati va\u0161e osobne podatke tre\u0107oj strani izvan svog poslovnog sustava.\u00a0 <\/span><span style=\"font-weight: 400;\">Mogu\u0107e je da Va\u0161e osobne podatke moramo dostaviti nadle\u017enom tijelu javne vlasti ukoliko to\u00a0<\/span><span style=\"font-weight: 400;\">nala\u017ee zakon ili drugi obvezuju\u0107i propis.<\/span><\/p>\n<h3><span style=\"font-weight: 400;\">Kori\u0161tenje Osobnih podataka u reklamne i marketin\u0161ke svrhe<\/span><\/h3>\n<p><span style=\"font-weight: 400;\">Ukoliko date izri\u010diti pristanak za kori\u0161tenje Va\u0161ih osobnih podataka u reklamne i marketin\u0161ke <\/span><span style=\"font-weight: 400;\">svrhe, Va\u0161i podaci bit \u0107e pohranjeni i kori\u0161teni u te svrhe, npr. za slanje newslettera, poziva na sudjelovanje u natje\u010dajima i nagradnim igrama putem e-maila.<\/span><\/p>\n<p><span style=\"font-weight: 400;\">Podaci prikupljeni u svrhu slanja newslettera bit \u0107e pohranjeni u servisu Mailerlite i kori\u0161teni za ovu svrhu, podaci prikupljeni u svrhu ogla\u0161avanje bit \u0107e pohranjeni i kori\u0161teni u servisima\u00a0<\/span><span style=\"font-weight: 400;\">Facebook i Google, dok \u0107e podaci prikupljeni u svrhu analitike web mjesta i pra\u0107enja statistike biti pohranjeni i kori\u0161teni u servisu Google.<\/span><\/p>\n<p><span style=\"font-weight: 400;\">Podaci se ne prikupljaju radi automatiziranog odlu\u010divanja o osobnim podacima, dono\u0161enja <\/span><span style=\"font-weight: 400;\">automatiziranih odluka ni profiliranja.<\/span><\/p>\n<h3><span style=\"font-weight: 400;\">Uklanjanje pristanka, Pravo na podatke<\/span><\/h3>\n<p><span style=\"font-weight: 400;\">Pristanak na kori\u0161tenje va\u0161ih osobnih podataka, u cijelosti ili dijelu, mo\u017eete ukloniti u bilo kojem trenutku. Po primitku zahtjeva za uklanjanje pristanka, Va\u0161i podaci \u0107e biti izbrisani u <\/span><span style=\"font-weight: 400;\">primjerenom roku.<br \/>\n<\/span><span style=\"font-weight: 400;\">Na zahtjev, u primjerenom roku obavijestit \u0107emo Vas jesmo li i koje smo va\u0161e osobne podatke prikupili tijekom va\u0161ih posjeta na\u0161oj internetskoj stranici.<\/span><\/p>\n<p><span style=\"font-weight: 400;\">Molimo Vas da sve upite uputite na jednu od adresa: e-mail adresu info<\/span><span style=\"font-weight: 400;\">@stemzasve.<\/span><span style=\"font-weight: 400;\">eu <\/span><span style=\"font-weight: 400;\">\u00a0ili adresu poslovnog sjedi\u0161ta Voditelja obrade podataka Udruga Institut za STEM edukaciju i afterschool programe, Slavoljuba Bulvana 9, 10000 Zagreb, OIB: 76262593640\u00a0<\/span><\/p>\n<h3><span style=\"font-weight: 400;\">Uklanjanje pristanka, Newsletter<\/span><\/h3>\n<p><span style=\"font-weight: 400;\">Korisnik u svakom trenutku mo\u017ee povu\u0107i privolu, odnosno zatra\u017eiti prestanak obrade podataka u navedene svrhe. Upoznat\/a sam da takvo svoje pravo ostvarujem slanjem e-maila na\u00a0 info<\/span><span style=\"font-weight: 400;\">@stemzasve.<\/span><span style=\"font-weight: 400;\">eu <\/span><span style=\"font-weight: 400;\">, klikom na link &#8220;uklonite s liste primatelja&#8221; koji se nalazi u podno\u017eju na\u0161ih e-mailova ili po\u0161tom na adresu: Udruga Institut za STEM edukaciju i afterschool programe, Slavoljuba Bulvana 9, 10000 Zagreb<\/span><\/p>\n<h3><span style=\"font-weight: 400;\">Sigurnost podataka<\/span><\/h3>\n<p><span style=\"font-weight: 400;\">Implementirali smo tehni\u010dke i organizacijske mjere kako bismo sprije\u010dili gubitak va\u0161ih podataka, izmjenu, kra\u0111u ili pristup neovla\u0161tene tre\u0107e strane.<\/span><\/p>\n<h3><span style=\"font-weight: 400;\">A\u017euriranje i izmjene<\/span><\/h3>\n<p><span style=\"font-weight: 400;\">Zadr\u017eavamo pravo izmjene ili a\u017euriranja dijelova podataka u svakom trenutku i bez prethodne najave. Posjetite stranicu s vremena na vrijeme kako biste bili upoznati s izmjenama ili a\u017euriranjem obavijesti.\u00a0<\/span><\/p>\n<h3><span style=\"font-weight: 400;\">Ograni\u010denje odgovornosti<\/span><\/h3>\n<p><span style=\"font-weight: 400;\">Iako poduzimamo dostupne tehni\u010dke, organizacijske i kadrovske mjere za\u0161tite osobnih podataka od slu\u010dajne ili namjerne zlouporabe, uni\u0161tenja, gubitka, neovla\u0161tene promjene ili dostupa ne mo\u017eemo jam\u010diti da neki od osobnih podataka koje prikupljamo ne\u0107e nikada biti slu\u010dajno otkriveni, suprotno odredbama ovih Pravila za\u0161tite privatnosti.<\/span><\/p>\n<p><span style=\"font-weight: 400;\">Budu\u0107i da nemamo kontrolu nad osobnim podacima koje dostavljate prilikom pristupa ili <\/span><span style=\"font-weight: 400;\">kori\u0161tenja drugih portala, odnosno izravno tre\u0107im osobama (npr. kod sudjelovanja u sponzoriranim aktivnostima), do najve\u0107e mjere dopu\u0161tene zakonom isklju\u010dujemo odgovornost za \u0161tetu koja mo\u017ee nastati vama ili tre\u0107im osobama zbog dostavljanja i slu\u010dajnog otkrivanja osobnih podataka.<\/span><\/p>\n","protected":false},"excerpt":{"rendered":"<p>Udruga Institut za STEM edukaciju i afterschool programe, Slavoljuba Bulvana 9, 10000 Zagreb, OIB: 76262593640 (dalje u tekstu: Voditelj obrade podataka),\u00a0 prikuplja i obra\u0111uje osobne podatke zakonito, po\u0161teno i transparentno sukladno va\u017ee\u0107im propisima te poduzimaju\u0107i primjerene tehni\u010dke i organizacijske mjere usmjerene ka za\u0161titi osobnih podataka od neovla\u0161tenog pristupa i zlouporabe. Ova Politika privatnosti Institut za [&hellip;]<\/p>\n","protected":false},"author":4,"featured_media":0,"parent":0,"menu_order":0,"comment_status":"closed","ping_status":"closed","template":"","meta":{"_et_pb_use_builder":"","_et_pb_old_content":"","_et_gb_content_width":"","footnotes":""},"class_list":["post-1410","page","type-page","status-publish","hentry"],"_links":{"self":[{"href":"https:\/\/www.stemzasve.eu\/index.php\/wp-json\/wp\/v2\/pages\/1410","targetHints":{"allow":["GET"]}}],"collection":[{"href":"https:\/\/www.stemzasve.eu\/index.php\/wp-json\/wp\/v2\/pages"}],"about":[{"href":"https:\/\/www.stemzasve.eu\/index.php\/wp-json\/wp\/v2\/types\/page"}],"author":[{"embeddable":true,"href":"https:\/\/www.stemzasve.eu\/index.php\/wp-json\/wp\/v2\/users\/4"}],"replies":[{"embeddable":true,"href":"https:\/\/www.stemzasve.eu\/index.php\/wp-json\/wp\/v2\/comments?post=1410"}],"version-history":[{"count":3,"href":"https:\/\/www.stemzasve.eu\/index.php\/wp-json\/wp\/v2\/pages\/1410\/revisions"}],"predecessor-version":[{"id":1413,"href":"https:\/\/www.stemzasve.eu\/index.php\/wp-json\/wp\/v2\/pages\/1410\/revisions\/1413"}],"wp:attachment":[{"href":"https:\/\/www.stemzasve.eu\/index.php\/wp-json\/wp\/v2\/media?parent=1410"}],"curies":[{"name":"wp","href":"https:\/\/api.w.org\/{rel}","templated":true}]}}